{"id":151,"date":"2019-01-21T22:03:11","date_gmt":"2019-01-21T21:03:11","guid":{"rendered":"http:\/\/athle92.fr\/?page_id=151"},"modified":"2020-02-11T21:43:23","modified_gmt":"2020-02-11T20:43:23","slug":"plessis-urban-trail-la-ronde-du-hibou","status":"publish","type":"page","link":"http:\/\/athle92.fr\/?page_id=151","title":{"rendered":"Plessis urban trail: la ronde du hibou"},"content":{"rendered":"\n<p> PAGE INSCRIPTIONS 2020 en cliquant <strong><a href=\"http:\/\/athle92.fr\/?page_id=296\">ICI<\/a><\/strong><\/p>\n\n\n\n<p>\n\nREGLEMENT 2020 en cliquant <strong><a href=\"https:\/\/www.plessis-athle.fr\/wp-content\/uploads\/2020\/02\/R%C3%A9glement-trail-Hibou-2020.pdf\">ICI<\/a><\/strong><\/p>\n\n\n<a href=\"http:\/\/athle92.fr\/wp-content\/uploads\/2019\/11\/affiche-trail-2020.pdf\" class=\"pdfemb-viewer\" style=\"\" data-width=\"max\" data-height=\"max\"  data-toolbar=\"bottom\" data-toolbar-fixed=\"off\">affiche-trail-2020<br\/><\/a>\n<p class=\"wp-block-pdfemb-pdf-embedder-viewer\"><\/p>\n\n\n\n<p><\/p>\n\n\n\n<hr class=\"wp-block-separator\"\/>\n\n\n<p><span style=\"color: #ff0000;\"><strong>LA RONDE DU HIBOU<\/strong><\/span><\/p>\n<p>\u00ab La Ronde du Hibou\u00bb est une \u00e9preuve urbaine, organis\u00e9e par l\u2019association Plessis Robinson Athl\u00e9tic Club en collaboration avec la ville du Plessis Robinson et l&rsquo;ATHLE 92.<\/p>\n<p>Il s\u2019agit d\u2019une course \u00e0 pied chronom\u00e9tr\u00e9e, empruntant les rues et espaces verts de la ville du Plessis Robinson. La \u00ab Ronde du Hibou \u00bb propose une course de 14km ou 7km.<\/p>\n<p><img loading=\"lazy\" decoding=\"async\" class=\"wp-image-1970\" src=\"https:\/\/www.plessis-athle.fr\/wp-content\/uploads\/2017\/10\/limage-contient-peut-etre-plein-air-2.jpeg\" alt=\"L\u2019image contient peut-\u00eatre&nbsp;: plein air\" width=\"156\" height=\"208\"> <img loading=\"lazy\" decoding=\"async\" class=\"wp-image-1971\" src=\"https:\/\/www.plessis-athle.fr\/wp-content\/uploads\/2017\/10\/limage-contient-peut-etre-plante-arbre-plein-2.jpeg\" alt=\"L\u2019image contient peut-\u00eatre&nbsp;: plante, arbre, plein air et nature\" width=\"157\" height=\"209\"> <img loading=\"lazy\" decoding=\"async\" class=\"wp-image-1972\" src=\"https:\/\/www.plessis-athle.fr\/wp-content\/uploads\/2017\/10\/limage-contient-peut-etre-1-personne-debout-a-4.jpeg\" alt=\"L\u2019image contient peut-\u00eatre&nbsp;: 1 personne, debout, arbre, plein air et nature\" width=\"157\" height=\"209\"> <img loading=\"lazy\" decoding=\"async\" class=\"wp-image-1973\" src=\"https:\/\/www.plessis-athle.fr\/wp-content\/uploads\/2017\/10\/limage-contient-peut-etre-une-personne-ou-plus-6.jpeg\" alt=\"L\u2019image contient peut-\u00eatre&nbsp;: une personne ou plus, personnes debout, chaussures, arbre et plein air\" width=\"156\" height=\"208\"><\/p>\n<p>La \u00ab&nbsp;Ronde du Hibou&nbsp;\u00bb se court en semi-suffisance. A l\u2019arriv\u00e9e, un ravitaillement sera mis \u00e0 disposition des coureurs. De nombreuses fontaines jalonnent le parcours en acc\u00e8s libre.<\/p>\n<p><span style=\"color: #ff0000;\"><strong>Une course&nbsp;<\/strong><b>caritative<\/b><\/span><\/p>\n<p>Tous les b\u00e9n\u00e9fices de la ronde du hibou sont revers\u00e9s au fond de dotation de l\u2019h\u00f4pital Marie Lannelongue.<\/p>\n<p>La chirurgie d\u2019excellence pour tous<br><strong>coeur-poumons-cancer-adulte-enfant<\/strong><\/p>\n<p><em>Courses au profit du <\/em><strong>Fonds de Dotation Marie Lannelongue<\/strong><\/p>\n<p><em><img decoding=\"async\" class=\"wp-image-1977\" src=\"https:\/\/www.plessis-athle.fr\/wp-content\/uploads\/2017\/10\/word-image-17.png\"><\/em><\/p>\n<p><a href=\"https:\/\/www.plessis-athle.fr\/wp-content\/uploads\/2019\/11\/60626588_675471302923090_1400432850603343872_n.jpg\"><img loading=\"lazy\" decoding=\"async\" class=\"alignnone size-full wp-image-4444\" src=\"https:\/\/www.plessis-athle.fr\/wp-content\/uploads\/2019\/11\/60626588_675471302923090_1400432850603343872_n.jpg\" alt=\"\" width=\"960\" height=\"540\"><\/a><\/p>\n<p><span style=\"color: #ff0000;\"><strong>L\u2019\u00e9quipe d\u2019organisation<\/strong><\/span><\/p>\n<p>Plus de 60 b\u00e9n\u00e9voles sont mobilis\u00e9s pour que les \u00e9ditions de l\u2019urbantrail du hibou puissent se r\u00e9aliser et les contraintes s\u00e9curitaires ne nous ont pas facilit\u00e9 la t\u00e2che.<\/p>\n<p><a href=\"https:\/\/www.plessis-athle.fr\/wp-content\/uploads\/2019\/11\/55536529_640599659743588_4458790718902632448_n.jpg\"><img loading=\"lazy\" decoding=\"async\" class=\"alignnone size-full wp-image-4446\" src=\"https:\/\/www.plessis-athle.fr\/wp-content\/uploads\/2019\/11\/55536529_640599659743588_4458790718902632448_n.jpg\" alt=\"\" width=\"960\" height=\"720\"><\/a><\/p>\n<h6 style=\"padding-left: 90px;\">secr\u00e9tariat dans le gymnase<\/h6>\n<p><span style=\"color: #ff0000;\"><strong>La s\u00e9curit\u00e9<\/strong><\/span><\/p>\n<p>Des signaleurs sont pr\u00e9sents pour assurer la s\u00e9curit\u00e9 aux travers\u00e9es de routes. Sur les parties du parcours empruntant la voie publique, chaque participant se conforme au code de la route et n\u2019est en aucun cas prioritaire sur un v\u00e9hicule.<\/p>\n<p>Le parcours s\u00e9lectif emprunte \u00e0 80% les parcs d\u00e9partementaux et \u00e0 20% les trottoirs de la ville.<\/p>\n<p><a href=\"https:\/\/www.plessis-athle.fr\/wp-content\/uploads\/2019\/11\/signaleur.jpg\"><img loading=\"lazy\" decoding=\"async\" class=\"alignnone size-full wp-image-4448\" src=\"https:\/\/www.plessis-athle.fr\/wp-content\/uploads\/2019\/11\/signaleur.jpg\" alt=\"\" width=\"200\" height=\"200\"><\/a><\/p>\n<p><span style=\"color: #ff0000;\"><strong>Les parcours<\/strong><\/span><\/p>\n<p style=\"padding-left: 210px;\"><strong>Plan 2019 du 7km<\/strong><\/p>\n<p><a href=\"https:\/\/www.plessis-athle.fr\/wp-content\/uploads\/2018\/11\/28959422_401879953615561_3458612335711745784_n.jpg\"><img loading=\"lazy\" decoding=\"async\" class=\"alignnone size-full wp-image-3850\" src=\"https:\/\/www.plessis-athle.fr\/wp-content\/uploads\/2018\/11\/28959422_401879953615561_3458612335711745784_n.jpg\" alt=\"\" width=\"955\" height=\"579\"><\/a><\/p>\n<p style=\"padding-left: 150px;\"><strong>Plan 2019 du 14km et de la marche nordique<\/strong><\/p>\n<p><a href=\"https:\/\/www.plessis-athle.fr\/wp-content\/uploads\/2018\/11\/28872902_401847233618833_6523946263660425078_n.jpg\"><img loading=\"lazy\" decoding=\"async\" class=\"alignnone wp-image-3849 size-full\" src=\"https:\/\/www.plessis-athle.fr\/wp-content\/uploads\/2018\/11\/28872902_401847233618833_6523946263660425078_n-e1573910037420.jpg\" alt=\"\" width=\"547\" height=\"713\"><\/a><\/p>\n<p><span style=\"color: #ff0000;\">RESULTATS 2019<\/span> EN <strong><a href=\"https:\/\/bases.athle.fr\/asp.net\/liste.aspx?frmbase=resultats&amp;frmmode=1&amp;frmespace=0&amp;frmcompetition=219224\">CLIQUANT ICI<\/a><\/strong><\/p>\n<p><span style=\"color: #ff0000;\">LES PHOTOS<\/span> EN <a href=\"https:\/\/www.facebook.com\/pg\/larondeduhibou\/photos\/?ref=page_internal\"><strong>CLIQUANT ICI<\/strong><\/a><\/p>\n<p><span style=\"color: #ff0000;\">REGLEMENT 2019<\/span> EN <span style=\"text-decoration: underline;\"><strong><a href=\"https:\/\/www.plessis-athle.fr\/wp-content\/uploads\/2019\/01\/r\u00e9glement-2019.pdf\">CLIQUANT ICI<\/a><\/strong><\/span><\/p>\n<p><strong><u>Les remerciements<\/u><\/strong><\/p>\n<ul>\n<li><em>La ville du Plessis Robinson<\/em><\/li>\n<li><em>La protection civile de Clamart<\/em><\/li>\n<li><em>Le cr\u00e9dit mutuel (coupe + rose)<\/em><\/li>\n<li><em>Le bain d\u2019Orient (lots)<\/em><\/li>\n<li><em>Biocop (ravitaillement)<\/em><\/li>\n<li><em>Carrefour market (ravitaillement)<\/em><\/li>\n<li><em>Leader Price (ravitaillement)<\/em><\/li>\n<li><em>Tous les b\u00e9n\u00e9voles (60 personnes )<\/em><\/li>\n<li><em>CETEM Acoustique<\/em><\/li>\n<li><em>Le PRAC<\/em><\/li>\n<li><em>L\u2019 Athl\u00e9 92<\/em><\/li>\n<li><em>Parc et jardin du 92<\/em><\/li>\n<li><em>Police nationale<\/em><\/li>\n<li><em>Police municipale du Plessis Robinson<\/em><\/li>\n<li><em>Service des sports du Plessis Robinson<\/em><\/li>\n<\/ul>\n<p><em>&nbsp;<\/em><\/p>\n<p><em>&nbsp;<\/em><\/p>","protected":false},"excerpt":{"rendered":"<p>PAGE INSCRIPTIONS 2020 en cliquant ICI REGLEMENT 2020 en cliquant ICI LA RONDE DU HIBOU [&hellip;]<\/p>\n","protected":false},"author":2,"featured_media":0,"parent":65,"menu_order":0,"comment_status":"closed","ping_status":"closed","template":"","meta":{"spay_email":"","footnotes":""},"class_list":["post-151","page","type-page","status-publish","hentry"],"_links":{"self":[{"href":"http:\/\/athle92.fr\/index.php?rest_route=\/wp\/v2\/pages\/151","targetHints":{"allow":["GET"]}}],"collection":[{"href":"http:\/\/athle92.fr\/index.php?rest_route=\/wp\/v2\/pages"}],"about":[{"href":"http:\/\/athle92.fr\/index.php?rest_route=\/wp\/v2\/types\/page"}],"author":[{"embeddable":true,"href":"http:\/\/athle92.fr\/index.php?rest_route=\/wp\/v2\/users\/2"}],"replies":[{"embeddable":true,"href":"http:\/\/athle92.fr\/index.php?rest_route=%2Fwp%2Fv2%2Fcomments&post=151"}],"version-history":[{"count":7,"href":"http:\/\/athle92.fr\/index.php?rest_route=\/wp\/v2\/pages\/151\/revisions"}],"predecessor-version":[{"id":308,"href":"http:\/\/athle92.fr\/index.php?rest_route=\/wp\/v2\/pages\/151\/revisions\/308"}],"up":[{"embeddable":true,"href":"http:\/\/athle92.fr\/index.php?rest_route=\/wp\/v2\/pages\/65"}],"wp:attachment":[{"href":"http:\/\/athle92.fr\/index.php?rest_route=%2Fwp%2Fv2%2Fmedia&parent=151"}],"curies":[{"name":"wp","href":"https:\/\/api.w.org\/{rel}","templated":true}]}}