{"id":162,"date":"2019-01-21T22:13:21","date_gmt":"2019-01-21T21:13:21","guid":{"rendered":"http:\/\/athle92.fr\/?page_id=162"},"modified":"2022-11-08T22:20:07","modified_gmt":"2022-11-08T21:20:07","slug":"cross-de-lathle-92","status":"publish","type":"page","link":"http:\/\/athle92.fr\/?page_id=162","title":{"rendered":"Cross de l&rsquo;athl\u00e9 92"},"content":{"rendered":"\n<p>Engagements sur le site du CDA 92 : <a href=\"http:\/\/cda92.athle.org\/asp.net\/espaces.engage\/engage.aspx?competition=26760\" target=\"_blank\" rel=\"noreferrer noopener\">http:\/\/cda92.athle.org\/asp.net\/espaces.engage\/engage.aspx?competition=26760<\/a><\/p>\n\n\n<a href=\"http:\/\/athle92.fr\/wp-content\/uploads\/2022\/11\/Cross-de-Clamart-04122022.pdf\" class=\"pdfemb-viewer\" style=\"\" data-width=\"max\" data-height=\"max\"  data-toolbar=\"top\" data-toolbar-fixed=\"off\">Cross-de-Clamart-04122022<br\/><\/a>\n<p class=\"wp-block-pdfemb-pdf-embedder-viewer\"><\/p>\n\n\n<p>En attendant l&rsquo;\u00e9dition 2021 voici un r\u00e9sum\u00e9 de l&rsquo;\u00e9dition 2018<\/p>\n<p><iframe loading=\"lazy\" src=\"https:\/\/www.youtube.com\/embed\/aTfT2_f5dRA\" width=\"560\" height=\"315\" frameborder=\"0\" allowfullscreen=\"allowfullscreen\"><\/iframe><\/p>\n\n\n<p>R\u00e9sultats 2018 en cliquant <strong><a href=\"http:\/\/bases.athle.com\/asp.net\/liste.aspx?frmbase=resultats&amp;frmmode=1&amp;frmespace=78&amp;frmcompetition=209884\">ICI<\/a><\/strong><\/p>\n","protected":false},"excerpt":{"rendered":"<p>Engagements sur le site du CDA 92 : http:\/\/cda92.athle.org\/asp.net\/espaces.engage\/engage.aspx?competition=26760 En attendant l&rsquo;\u00e9dition 2021 voici un [&hellip;]<\/p>\n","protected":false},"author":2,"featured_media":703,"parent":65,"menu_order":0,"comment_status":"closed","ping_status":"closed","template":"","meta":{"spay_email":"","footnotes":""},"class_list":["post-162","page","type-page","status-publish","has-post-thumbnail","hentry"],"_links":{"self":[{"href":"http:\/\/athle92.fr\/index.php?rest_route=\/wp\/v2\/pages\/162","targetHints":{"allow":["GET"]}}],"collection":[{"href":"http:\/\/athle92.fr\/index.php?rest_route=\/wp\/v2\/pages"}],"about":[{"href":"http:\/\/athle92.fr\/index.php?rest_route=\/wp\/v2\/types\/page"}],"author":[{"embeddable":true,"href":"http:\/\/athle92.fr\/index.php?rest_route=\/wp\/v2\/users\/2"}],"replies":[{"embeddable":true,"href":"http:\/\/athle92.fr\/index.php?rest_route=%2Fwp%2Fv2%2Fcomments&post=162"}],"version-history":[{"count":9,"href":"http:\/\/athle92.fr\/index.php?rest_route=\/wp\/v2\/pages\/162\/revisions"}],"predecessor-version":[{"id":976,"href":"http:\/\/athle92.fr\/index.php?rest_route=\/wp\/v2\/pages\/162\/revisions\/976"}],"up":[{"embeddable":true,"href":"http:\/\/athle92.fr\/index.php?rest_route=\/wp\/v2\/pages\/65"}],"wp:featuredmedia":[{"embeddable":true,"href":"http:\/\/athle92.fr\/index.php?rest_route=\/wp\/v2\/media\/703"}],"wp:attachment":[{"href":"http:\/\/athle92.fr\/index.php?rest_route=%2Fwp%2Fv2%2Fmedia&parent=162"}],"curies":[{"name":"wp","href":"https:\/\/api.w.org\/{rel}","templated":true}]}}