{"id":296,"date":"2019-11-27T22:05:49","date_gmt":"2019-11-27T21:05:49","guid":{"rendered":"http:\/\/athle92.fr\/?page_id=296"},"modified":"2019-11-27T22:05:49","modified_gmt":"2019-11-27T21:05:49","slug":"inscriptions-urban-trail-la-ronde-du-hibou","status":"publish","type":"page","link":"http:\/\/athle92.fr\/?page_id=296","title":{"rendered":"INSCRIPTIONS URBAN TRAIL: LA RONDE DU HIBOU"},"content":{"rendered":"\n<p>Cliquez <strong><a href=\"https:\/\/forms.registration4all.com\/EventRegistration\/Register_Sport_Event.aspx?EventID=162512&amp;RORG=OW\">ICI<\/a><\/strong> pour vous inscrire en ligne<\/p>\n\n\n\n<p><strong>Tous les b\u00e9n\u00e9fices de la ronde du hibou<\/strong> seront revers\u00e9s au fond de dotation de l\u2019h\u00f4pital Marie Lannelongue. <\/p>\n\n\n\n<p>Les b\u00e9n\u00e9fices 2019 et 2020 participeront \u00e0 l&rsquo;achat du robot WHEEZHOPE. <\/p>\n\n\n\n<p><iframe loading=\"lazy\" width=\"560\" height=\"315\" src=\"https:\/\/www.youtube.com\/embed\/dFcI1sDLyo4\" frameborder=\"0\" allow=\"accelerometer; autoplay; encrypted-media; gyroscope; picture-in-picture\" allowfullscreen=\"\"><\/iframe><\/p>\n\n\n\n<p>Pour avoir plus d&rsquo;infos sur ce robot et ce projet, cliquez <strong><a href=\"https:\/\/www.hopitalmarielannelongue.fr\/actualite\/robot-enfants-hospitalises\/\">ICI<\/a><\/strong><\/p>\n","protected":false},"excerpt":{"rendered":"<p>Cliquez ICI pour vous inscrire en ligne Tous les b\u00e9n\u00e9fices de la ronde du hibou [&hellip;]<\/p>\n","protected":false},"author":2,"featured_media":0,"parent":151,"menu_order":0,"comment_status":"closed","ping_status":"closed","template":"","meta":{"spay_email":"","footnotes":""},"class_list":["post-296","page","type-page","status-publish","hentry"],"_links":{"self":[{"href":"http:\/\/athle92.fr\/index.php?rest_route=\/wp\/v2\/pages\/296","targetHints":{"allow":["GET"]}}],"collection":[{"href":"http:\/\/athle92.fr\/index.php?rest_route=\/wp\/v2\/pages"}],"about":[{"href":"http:\/\/athle92.fr\/index.php?rest_route=\/wp\/v2\/types\/page"}],"author":[{"embeddable":true,"href":"http:\/\/athle92.fr\/index.php?rest_route=\/wp\/v2\/users\/2"}],"replies":[{"embeddable":true,"href":"http:\/\/athle92.fr\/index.php?rest_route=%2Fwp%2Fv2%2Fcomments&post=296"}],"version-history":[{"count":2,"href":"http:\/\/athle92.fr\/index.php?rest_route=\/wp\/v2\/pages\/296\/revisions"}],"predecessor-version":[{"id":299,"href":"http:\/\/athle92.fr\/index.php?rest_route=\/wp\/v2\/pages\/296\/revisions\/299"}],"up":[{"embeddable":true,"href":"http:\/\/athle92.fr\/index.php?rest_route=\/wp\/v2\/pages\/151"}],"wp:attachment":[{"href":"http:\/\/athle92.fr\/index.php?rest_route=%2Fwp%2Fv2%2Fmedia&parent=296"}],"curies":[{"name":"wp","href":"https:\/\/api.w.org\/{rel}","templated":true}]}}