{"id":62,"date":"2018-12-23T15:44:05","date_gmt":"2018-12-23T14:44:05","guid":{"rendered":"http:\/\/athle92.fr\/?page_id=62"},"modified":"2021-07-14T22:35:35","modified_gmt":"2021-07-14T20:35:35","slug":"les-dirigeants","status":"publish","type":"page","link":"https:\/\/athle92.fr\/?page_id=62","title":{"rendered":"Les Dirigeants"},"content":{"rendered":"\n<p>Philippe TEDO &#8211; Pr\u00e9sident (CSM Clamart)<\/p>\n\n\n\n<p>Christine MONDET &#8211; Vice-Pr\u00e9sidente (White-Harriers Suresnes)<\/p>\n\n\n\n<p>Marion BOULARD &#8211; Vice-Pr\u00e9sidente (Plessis-Robinson Athletic Club)<\/p>\n\n\n\n<p>Matthieu B\u00c9CHU &#8211; Vice-Pr\u00e9sident (Nanterre Athletic Club)<\/p>\n\n\n\n<p>Dominique CALASSOU &#8211; Vice-Pr\u00e9sident (Association Sportive Fontenaisienne) <\/p>\n\n\n\n<p>Fabrice MANOUVRIER &#8211; Secr\u00e9taire G\u00e9n\u00e9ral (Plessis-Robinson Athletic Club)<\/p>\n\n\n\n<p>Patrick ROUGET &#8211; Tr\u00e9sorier (Plessis-Robinson Athletic Club)<\/p>\n\n\n\n<p>Baptiste FERNANDEZ (Association Sportive Fontenaisienne)<\/p>\n\n\n\n<p>V\u00e9ronique ROLLAT (CSM Clamart)<\/p>\n\n\n\n<p>Bernard MAILLE (CSM Clamart)<\/p>\n\n\n\n<p>Alain MAITREHENRY (Association Sportive Fontenaisienne)<\/p>\n\n\n\n<p>Cyril POCR\u00c9AUX (Nanterre Athletic Club)<\/p>\n\n\n\n<p>Jean-Yves NACTO (Nanterre Athletic Club)<\/p>\n\n\n\n<p>Romain MONDET (White-Harriers Suresnes)<\/p>\n\n\n\n<p>Claude MONDET (White-Harriers Suresnes)<\/p>\n\n\n\n<p><\/p>\n","protected":false},"excerpt":{"rendered":"<p>Philippe TEDO &#8211; Pr\u00e9sident (CSM Clamart) Christine MONDET &#8211; Vice-Pr\u00e9sidente (White-Harriers Suresnes) Marion BOULARD &#8211; [&hellip;]<\/p>\n","protected":false},"author":1,"featured_media":0,"parent":0,"menu_order":0,"comment_status":"closed","ping_status":"closed","template":"","meta":{"spay_email":"","footnotes":""},"class_list":["post-62","page","type-page","status-publish","hentry"],"_links":{"self":[{"href":"https:\/\/athle92.fr\/index.php?rest_route=\/wp\/v2\/pages\/62","targetHints":{"allow":["GET"]}}],"collection":[{"href":"https:\/\/athle92.fr\/index.php?rest_route=\/wp\/v2\/pages"}],"about":[{"href":"https:\/\/athle92.fr\/index.php?rest_route=\/wp\/v2\/types\/page"}],"author":[{"embeddable":true,"href":"https:\/\/athle92.fr\/index.php?rest_route=\/wp\/v2\/users\/1"}],"replies":[{"embeddable":true,"href":"https:\/\/athle92.fr\/index.php?rest_route=%2Fwp%2Fv2%2Fcomments&post=62"}],"version-history":[{"count":3,"href":"https:\/\/athle92.fr\/index.php?rest_route=\/wp\/v2\/pages\/62\/revisions"}],"predecessor-version":[{"id":652,"href":"https:\/\/athle92.fr\/index.php?rest_route=\/wp\/v2\/pages\/62\/revisions\/652"}],"wp:attachment":[{"href":"https:\/\/athle92.fr\/index.php?rest_route=%2Fwp%2Fv2%2Fmedia&parent=62"}],"curies":[{"name":"wp","href":"https:\/\/api.w.org\/{rel}","templated":true}]}}